{"id":83,"date":"2023-09-07T17:09:59","date_gmt":"2023-09-07T15:09:59","guid":{"rendered":"https:\/\/myalustore.fr\/?page_id=83"},"modified":"2023-10-30T20:04:29","modified_gmt":"2023-10-30T19:04:29","slug":"accueil-copy","status":"publish","type":"page","link":"https:\/\/myalustore.fr\/index.php\/accueil-copy\/","title":{"rendered":"A propos"},"content":{"rendered":"\t\t<div data-elementor-type=\"wp-page\" data-elementor-id=\"83\" class=\"elementor elementor-83\">\n\t\t\t\t\t\t<section class=\"elementor-section elementor-top-section elementor-element elementor-element-470f9eb elementor-section-boxed elementor-section-height-default elementor-section-height-default\" data-id=\"470f9eb\" data-element_type=\"section\">\n\t\t\t\t\t\t<div class=\"elementor-container elementor-column-gap-default\">\n\t\t\t\t\t<div class=\"elementor-column elementor-col-100 elementor-top-column elementor-element elementor-element-fdb24b0\" data-id=\"fdb24b0\" data-element_type=\"column\">\n\t\t\t<div class=\"elementor-widget-wrap elementor-element-populated\">\n\t\t\t\t\t\t<div class=\"elementor-element elementor-element-f58de3b elementor-widget elementor-widget-image\" data-id=\"f58de3b\" data-element_type=\"widget\" data-widget_type=\"image.default\">\n\t\t\t\t<div class=\"elementor-widget-container\">\n\t\t\t\t\t\t\t\t\t\t\t\t\t\t\t<img fetchpriority=\"high\" decoding=\"async\" width=\"750\" height=\"153\" src=\"https:\/\/myalustore.fr\/wp-content\/uploads\/2023\/09\/cropped-Plan-de-travail-8-copie-4-8-1024x209.png\" class=\"attachment-large size-large wp-image-65\" alt=\"\" srcset=\"https:\/\/myalustore.fr\/wp-content\/uploads\/2023\/09\/cropped-Plan-de-travail-8-copie-4-8-1024x209.png 1024w, https:\/\/myalustore.fr\/wp-content\/uploads\/2023\/09\/cropped-Plan-de-travail-8-copie-4-8-300x61.png 300w, https:\/\/myalustore.fr\/wp-content\/uploads\/2023\/09\/cropped-Plan-de-travail-8-copie-4-8-768x157.png 768w, https:\/\/myalustore.fr\/wp-content\/uploads\/2023\/09\/cropped-Plan-de-travail-8-copie-4-8-1536x313.png 1536w, https:\/\/myalustore.fr\/wp-content\/uploads\/2023\/09\/cropped-Plan-de-travail-8-copie-4-8.png 1751w\" sizes=\"(max-width: 750px) 100vw, 750px\" \/>\t\t\t\t\t\t\t\t\t\t\t\t\t\t\t<\/div>\n\t\t\t\t<\/div>\n\t\t\t\t\t<\/div>\n\t\t<\/div>\n\t\t\t\t\t<\/div>\n\t\t<\/section>\n\t\t\t\t<section class=\"elementor-section elementor-top-section elementor-element elementor-element-2e62db3 elementor-section-boxed elementor-section-height-default elementor-section-height-default\" data-id=\"2e62db3\" data-element_type=\"section\">\n\t\t\t\t\t\t<div class=\"elementor-container elementor-column-gap-default\">\n\t\t\t\t\t<div class=\"elementor-column elementor-col-100 elementor-top-column elementor-element elementor-element-9ffd24f\" data-id=\"9ffd24f\" data-element_type=\"column\">\n\t\t\t<div class=\"elementor-widget-wrap elementor-element-populated\">\n\t\t\t\t\t\t<div class=\"elementor-element elementor-element-aebbdbf elementor-widget elementor-widget-spacer\" data-id=\"aebbdbf\" data-element_type=\"widget\" data-widget_type=\"spacer.default\">\n\t\t\t\t<div class=\"elementor-widget-container\">\n\t\t\t\t\t\t\t<div class=\"elementor-spacer\">\n\t\t\t<div class=\"elementor-spacer-inner\"><\/div>\n\t\t<\/div>\n\t\t\t\t\t\t<\/div>\n\t\t\t\t<\/div>\n\t\t\t\t<div class=\"elementor-element elementor-element-bb4eb87 elementor-widget elementor-widget-heading\" data-id=\"bb4eb87\" data-element_type=\"widget\" data-widget_type=\"heading.default\">\n\t\t\t\t<div class=\"elementor-widget-container\">\n\t\t\t\t\t<h2 class=\"elementor-heading-title elementor-size-default\">\u00e0 propos<\/h2>\t\t\t\t<\/div>\n\t\t\t\t<\/div>\n\t\t\t\t\t<\/div>\n\t\t<\/div>\n\t\t\t\t\t<\/div>\n\t\t<\/section>\n\t\t\t\t<section class=\"elementor-section elementor-top-section elementor-element elementor-element-693836c elementor-section-boxed elementor-section-height-default elementor-section-height-default\" data-id=\"693836c\" data-element_type=\"section\">\n\t\t\t\t\t\t<div class=\"elementor-container elementor-column-gap-default\">\n\t\t\t\t\t<div class=\"elementor-column elementor-col-100 elementor-top-column elementor-element elementor-element-9855ca0\" data-id=\"9855ca0\" data-element_type=\"column\">\n\t\t\t<div class=\"elementor-widget-wrap elementor-element-populated\">\n\t\t\t\t\t\t<div class=\"elementor-element elementor-element-714b1b9 elementor-widget elementor-widget-text-editor\" data-id=\"714b1b9\" data-element_type=\"widget\" data-widget_type=\"text-editor.default\">\n\t\t\t\t<div class=\"elementor-widget-container\">\n\t\t\t\t\t\t\t\t\t<p>Forts de notre exp\u00e9rience ( dans le secteur du b\u00e2timent ) nous avons mis \u00e0 profit nos contact afin de collaborer avec les meilleurs fournisseurs. Nous proposons des produits de grande qualit\u00e9 et un service au client, pour le client au prix juste. Au plus proche de nos clients, nous nous effor\u00e7ons de proposer une prestation personnalis\u00e9e selon vos souhaits et toujours aux meilleurs prix.&nbsp;<\/p>\n<p>N\u00f4tre ma\u00eetre mot : <strong>Le sur mesure sans surco\u00fbt, pour que chaque projet se r\u00e9alise&nbsp;<\/strong><\/p>\t\t\t\t\t\t\t\t<\/div>\n\t\t\t\t<\/div>\n\t\t\t\t\t<\/div>\n\t\t<\/div>\n\t\t\t\t\t<\/div>\n\t\t<\/section>\n\t\t\t\t<section class=\"elementor-section elementor-top-section elementor-element elementor-element-c400ec6 elementor-section-boxed elementor-section-height-default elementor-section-height-default\" data-id=\"c400ec6\" data-element_type=\"section\">\n\t\t\t\t\t\t<div class=\"elementor-container elementor-column-gap-default\">\n\t\t\t\t\t<div class=\"elementor-column elementor-col-100 elementor-top-column elementor-element elementor-element-e9e254b\" data-id=\"e9e254b\" data-element_type=\"column\">\n\t\t\t<div class=\"elementor-widget-wrap elementor-element-populated\">\n\t\t\t\t\t\t<div class=\"elementor-element elementor-element-e933e82 elementor-widget elementor-widget-spacer\" data-id=\"e933e82\" data-element_type=\"widget\" data-widget_type=\"spacer.default\">\n\t\t\t\t<div class=\"elementor-widget-container\">\n\t\t\t\t\t\t\t<div class=\"elementor-spacer\">\n\t\t\t<div class=\"elementor-spacer-inner\"><\/div>\n\t\t<\/div>\n\t\t\t\t\t\t<\/div>\n\t\t\t\t<\/div>\n\t\t\t\t<div class=\"elementor-element elementor-element-ac4e8d2 elementor-align-center elementor-widget elementor-widget-button\" data-id=\"ac4e8d2\" data-element_type=\"widget\" data-widget_type=\"button.default\">\n\t\t\t\t<div class=\"elementor-widget-container\">\n\t\t\t\t\t\t\t\t\t<div class=\"elementor-button-wrapper\">\n\t\t\t\t\t<a class=\"elementor-button elementor-button-link elementor-size-sm\" href=\"https:\/\/myalustore.fr\/index.php\/prestations\/\">\n\t\t\t\t\t\t<span class=\"elementor-button-content-wrapper\">\n\t\t\t\t\t\t\t\t\t<span class=\"elementor-button-text\">Voir nos prestations <\/span>\n\t\t\t\t\t<\/span>\n\t\t\t\t\t<\/a>\n\t\t\t\t<\/div>\n\t\t\t\t\t\t\t\t<\/div>\n\t\t\t\t<\/div>\n\t\t\t\t<div class=\"elementor-element elementor-element-34c4ce9 elementor-widget elementor-widget-spacer\" data-id=\"34c4ce9\" data-element_type=\"widget\" data-widget_type=\"spacer.default\">\n\t\t\t\t<div class=\"elementor-widget-container\">\n\t\t\t\t\t\t\t<div class=\"elementor-spacer\">\n\t\t\t<div class=\"elementor-spacer-inner\"><\/div>\n\t\t<\/div>\n\t\t\t\t\t\t<\/div>\n\t\t\t\t<\/div>\n\t\t\t\t\t<\/div>\n\t\t<\/div>\n\t\t\t\t\t<\/div>\n\t\t<\/section>\n\t\t\t\t<\/div>\n\t\t","protected":false},"excerpt":{"rendered":"<p>\u00e0 propos Forts de notre exp\u00e9rience ( dans le secteur du b\u00e2timent ) nous avons mis \u00e0 profit nos contact afin de collaborer avec les meilleurs fournisseurs. Nous proposons des produits de grande qualit\u00e9 et un service au client, pour le client au prix juste. Au plus proche de nos [&hellip;]<\/p>\n","protected":false},"author":1,"featured_media":0,"parent":0,"menu_order":0,"comment_status":"closed","ping_status":"closed","template":"","meta":{"footnotes":""},"class_list":["post-83","page","type-page","status-publish","hentry"],"yoast_head":"<!-- This site is optimized with the Yoast SEO plugin v26.1 - https:\/\/yoast.com\/wordpress\/plugins\/seo\/ -->\n<title>A propos - myalustore.fr<\/title>\n<meta name=\"robots\" content=\"index, follow, max-snippet:-1, max-image-preview:large, max-video-preview:-1\" \/>\n<link rel=\"canonical\" href=\"https:\/\/myalustore.fr\/index.php\/accueil-copy\/\" \/>\n<meta property=\"og:locale\" content=\"fr_FR\" \/>\n<meta property=\"og:type\" content=\"article\" \/>\n<meta property=\"og:title\" content=\"A propos - myalustore.fr\" \/>\n<meta property=\"og:description\" content=\"\u00e0 propos Forts de notre exp\u00e9rience ( dans le secteur du b\u00e2timent ) nous avons mis \u00e0 profit nos contact afin de collaborer avec les meilleurs fournisseurs. Nous proposons des produits de grande qualit\u00e9 et un service au client, pour le client au prix juste. Au plus proche de nos [&hellip;]\" \/>\n<meta property=\"og:url\" content=\"https:\/\/myalustore.fr\/index.php\/accueil-copy\/\" \/>\n<meta property=\"og:site_name\" content=\"myalustore.fr\" \/>\n<meta property=\"article:modified_time\" content=\"2023-10-30T19:04:29+00:00\" \/>\n<meta property=\"og:image\" content=\"http:\/\/myalustore.fr\/wp-content\/uploads\/2023\/09\/cropped-Plan-de-travail-8-copie-4-8-1024x209.png\" \/>\n<meta name=\"twitter:card\" content=\"summary_large_image\" \/>\n<meta name=\"twitter:label1\" content=\"Dur\u00e9e de lecture estim\u00e9e\" \/>\n\t<meta name=\"twitter:data1\" content=\"1 minute\" \/>\n<script type=\"application\/ld+json\" class=\"yoast-schema-graph\">{\"@context\":\"https:\/\/schema.org\",\"@graph\":[{\"@type\":\"WebPage\",\"@id\":\"https:\/\/myalustore.fr\/index.php\/accueil-copy\/\",\"url\":\"https:\/\/myalustore.fr\/index.php\/accueil-copy\/\",\"name\":\"A propos - myalustore.fr\",\"isPartOf\":{\"@id\":\"https:\/\/myalustore.fr\/#website\"},\"primaryImageOfPage\":{\"@id\":\"https:\/\/myalustore.fr\/index.php\/accueil-copy\/#primaryimage\"},\"image\":{\"@id\":\"https:\/\/myalustore.fr\/index.php\/accueil-copy\/#primaryimage\"},\"thumbnailUrl\":\"http:\/\/myalustore.fr\/wp-content\/uploads\/2023\/09\/cropped-Plan-de-travail-8-copie-4-8-1024x209.png\",\"datePublished\":\"2023-09-07T15:09:59+00:00\",\"dateModified\":\"2023-10-30T19:04:29+00:00\",\"breadcrumb\":{\"@id\":\"https:\/\/myalustore.fr\/index.php\/accueil-copy\/#breadcrumb\"},\"inLanguage\":\"fr-FR\",\"potentialAction\":[{\"@type\":\"ReadAction\",\"target\":[\"https:\/\/myalustore.fr\/index.php\/accueil-copy\/\"]}]},{\"@type\":\"ImageObject\",\"inLanguage\":\"fr-FR\",\"@id\":\"https:\/\/myalustore.fr\/index.php\/accueil-copy\/#primaryimage\",\"url\":\"https:\/\/myalustore.fr\/wp-content\/uploads\/2023\/09\/cropped-Plan-de-travail-8-copie-4-8.png\",\"contentUrl\":\"https:\/\/myalustore.fr\/wp-content\/uploads\/2023\/09\/cropped-Plan-de-travail-8-copie-4-8.png\",\"width\":1751,\"height\":357},{\"@type\":\"BreadcrumbList\",\"@id\":\"https:\/\/myalustore.fr\/index.php\/accueil-copy\/#breadcrumb\",\"itemListElement\":[{\"@type\":\"ListItem\",\"position\":1,\"name\":\"Accueil\",\"item\":\"https:\/\/myalustore.fr\/\"},{\"@type\":\"ListItem\",\"position\":2,\"name\":\"A propos\"}]},{\"@type\":\"WebSite\",\"@id\":\"https:\/\/myalustore.fr\/#website\",\"url\":\"https:\/\/myalustore.fr\/\",\"name\":\"myalustore.fr\",\"description\":\"\",\"publisher\":{\"@id\":\"https:\/\/myalustore.fr\/#organization\"},\"potentialAction\":[{\"@type\":\"SearchAction\",\"target\":{\"@type\":\"EntryPoint\",\"urlTemplate\":\"https:\/\/myalustore.fr\/?s={search_term_string}\"},\"query-input\":{\"@type\":\"PropertyValueSpecification\",\"valueRequired\":true,\"valueName\":\"search_term_string\"}}],\"inLanguage\":\"fr-FR\"},{\"@type\":\"Organization\",\"@id\":\"https:\/\/myalustore.fr\/#organization\",\"name\":\"My alu store\",\"url\":\"https:\/\/myalustore.fr\/\",\"logo\":{\"@type\":\"ImageObject\",\"inLanguage\":\"fr-FR\",\"@id\":\"https:\/\/myalustore.fr\/#\/schema\/logo\/image\/\",\"url\":\"https:\/\/myalustore.fr\/wp-content\/uploads\/2023\/09\/cropped-Plan-de-travail-8-copie-4-8.png\",\"contentUrl\":\"https:\/\/myalustore.fr\/wp-content\/uploads\/2023\/09\/cropped-Plan-de-travail-8-copie-4-8.png\",\"width\":1751,\"height\":357,\"caption\":\"My alu store\"},\"image\":{\"@id\":\"https:\/\/myalustore.fr\/#\/schema\/logo\/image\/\"}}]}<\/script>\n<!-- \/ Yoast SEO plugin. -->","yoast_head_json":{"title":"A propos - myalustore.fr","robots":{"index":"index","follow":"follow","max-snippet":"max-snippet:-1","max-image-preview":"max-image-preview:large","max-video-preview":"max-video-preview:-1"},"canonical":"https:\/\/myalustore.fr\/index.php\/accueil-copy\/","og_locale":"fr_FR","og_type":"article","og_title":"A propos - myalustore.fr","og_description":"\u00e0 propos Forts de notre exp\u00e9rience ( dans le secteur du b\u00e2timent ) nous avons mis \u00e0 profit nos contact afin de collaborer avec les meilleurs fournisseurs. Nous proposons des produits de grande qualit\u00e9 et un service au client, pour le client au prix juste. Au plus proche de nos [&hellip;]","og_url":"https:\/\/myalustore.fr\/index.php\/accueil-copy\/","og_site_name":"myalustore.fr","article_modified_time":"2023-10-30T19:04:29+00:00","og_image":[{"url":"http:\/\/myalustore.fr\/wp-content\/uploads\/2023\/09\/cropped-Plan-de-travail-8-copie-4-8-1024x209.png","type":"","width":"","height":""}],"twitter_card":"summary_large_image","twitter_misc":{"Dur\u00e9e de lecture estim\u00e9e":"1 minute"},"schema":{"@context":"https:\/\/schema.org","@graph":[{"@type":"WebPage","@id":"https:\/\/myalustore.fr\/index.php\/accueil-copy\/","url":"https:\/\/myalustore.fr\/index.php\/accueil-copy\/","name":"A propos - myalustore.fr","isPartOf":{"@id":"https:\/\/myalustore.fr\/#website"},"primaryImageOfPage":{"@id":"https:\/\/myalustore.fr\/index.php\/accueil-copy\/#primaryimage"},"image":{"@id":"https:\/\/myalustore.fr\/index.php\/accueil-copy\/#primaryimage"},"thumbnailUrl":"http:\/\/myalustore.fr\/wp-content\/uploads\/2023\/09\/cropped-Plan-de-travail-8-copie-4-8-1024x209.png","datePublished":"2023-09-07T15:09:59+00:00","dateModified":"2023-10-30T19:04:29+00:00","breadcrumb":{"@id":"https:\/\/myalustore.fr\/index.php\/accueil-copy\/#breadcrumb"},"inLanguage":"fr-FR","potentialAction":[{"@type":"ReadAction","target":["https:\/\/myalustore.fr\/index.php\/accueil-copy\/"]}]},{"@type":"ImageObject","inLanguage":"fr-FR","@id":"https:\/\/myalustore.fr\/index.php\/accueil-copy\/#primaryimage","url":"https:\/\/myalustore.fr\/wp-content\/uploads\/2023\/09\/cropped-Plan-de-travail-8-copie-4-8.png","contentUrl":"https:\/\/myalustore.fr\/wp-content\/uploads\/2023\/09\/cropped-Plan-de-travail-8-copie-4-8.png","width":1751,"height":357},{"@type":"BreadcrumbList","@id":"https:\/\/myalustore.fr\/index.php\/accueil-copy\/#breadcrumb","itemListElement":[{"@type":"ListItem","position":1,"name":"Accueil","item":"https:\/\/myalustore.fr\/"},{"@type":"ListItem","position":2,"name":"A propos"}]},{"@type":"WebSite","@id":"https:\/\/myalustore.fr\/#website","url":"https:\/\/myalustore.fr\/","name":"myalustore.fr","description":"","publisher":{"@id":"https:\/\/myalustore.fr\/#organization"},"potentialAction":[{"@type":"SearchAction","target":{"@type":"EntryPoint","urlTemplate":"https:\/\/myalustore.fr\/?s={search_term_string}"},"query-input":{"@type":"PropertyValueSpecification","valueRequired":true,"valueName":"search_term_string"}}],"inLanguage":"fr-FR"},{"@type":"Organization","@id":"https:\/\/myalustore.fr\/#organization","name":"My alu store","url":"https:\/\/myalustore.fr\/","logo":{"@type":"ImageObject","inLanguage":"fr-FR","@id":"https:\/\/myalustore.fr\/#\/schema\/logo\/image\/","url":"https:\/\/myalustore.fr\/wp-content\/uploads\/2023\/09\/cropped-Plan-de-travail-8-copie-4-8.png","contentUrl":"https:\/\/myalustore.fr\/wp-content\/uploads\/2023\/09\/cropped-Plan-de-travail-8-copie-4-8.png","width":1751,"height":357,"caption":"My alu store"},"image":{"@id":"https:\/\/myalustore.fr\/#\/schema\/logo\/image\/"}}]}},"_links":{"self":[{"href":"https:\/\/myalustore.fr\/index.php\/wp-json\/wp\/v2\/pages\/83","targetHints":{"allow":["GET"]}}],"collection":[{"href":"https:\/\/myalustore.fr\/index.php\/wp-json\/wp\/v2\/pages"}],"about":[{"href":"https:\/\/myalustore.fr\/index.php\/wp-json\/wp\/v2\/types\/page"}],"author":[{"embeddable":true,"href":"https:\/\/myalustore.fr\/index.php\/wp-json\/wp\/v2\/users\/1"}],"replies":[{"embeddable":true,"href":"https:\/\/myalustore.fr\/index.php\/wp-json\/wp\/v2\/comments?post=83"}],"version-history":[{"count":13,"href":"https:\/\/myalustore.fr\/index.php\/wp-json\/wp\/v2\/pages\/83\/revisions"}],"predecessor-version":[{"id":462,"href":"https:\/\/myalustore.fr\/index.php\/wp-json\/wp\/v2\/pages\/83\/revisions\/462"}],"wp:attachment":[{"href":"https:\/\/myalustore.fr\/index.php\/wp-json\/wp\/v2\/media?parent=83"}],"curies":[{"name":"wp","href":"https:\/\/api.w.org\/{rel}","templated":true}]}}