{"id":3,"date":"2023-09-04T18:29:09","date_gmt":"2023-09-04T16:29:09","guid":{"rendered":"http:\/\/myalustore.fr\/?page_id=3"},"modified":"2023-10-03T17:47:57","modified_gmt":"2023-10-03T15:47:57","slug":"politique-de-confidentialite","status":"publish","type":"page","link":"https:\/\/myalustore.fr\/index.php\/politique-de-confidentialite\/","title":{"rendered":"Politique de confidentialit\u00e9"},"content":{"rendered":"\t\t<div data-elementor-type=\"wp-page\" data-elementor-id=\"3\" class=\"elementor elementor-3\">\n\t\t\t\t\t\t<section class=\"elementor-section elementor-top-section elementor-element elementor-element-6416769b elementor-section-boxed elementor-section-height-default elementor-section-height-default\" data-id=\"6416769b\" data-element_type=\"section\">\n\t\t\t\t\t\t<div class=\"elementor-container elementor-column-gap-default\">\n\t\t\t\t\t<div class=\"elementor-column elementor-col-100 elementor-top-column elementor-element elementor-element-4421afab\" data-id=\"4421afab\" data-element_type=\"column\">\n\t\t\t<div class=\"elementor-widget-wrap elementor-element-populated\">\n\t\t\t\t\t\t<div class=\"elementor-element elementor-element-5da85c03 elementor-widget elementor-widget-text-editor\" data-id=\"5da85c03\" data-element_type=\"widget\" data-widget_type=\"text-editor.default\">\n\t\t\t\t<div class=\"elementor-widget-container\">\n\t\t\t\t\t\t\t\t\t\n<h2 class=\"wp-block-heading\">Politique de confidentialit\u00e9<\/h2>\n\n\n\n<p>@djewai, r\u00e9dacteur des pr\u00e9sentes, met en oeuvre des traitements de donn\u00e9es \u00e0 caract\u00e8re personnel.<\/p>\n\n\n\n<p>I. La collecte des donn\u00e9es \u00e0 caract\u00e8re personnel<\/p>\n\n\n\n<p>Les donn\u00e9es \u00e0 caract\u00e8re personnel qui sont collect\u00e9es varient en fonction de la fa\u00e7on dont les services sont utilis\u00e9s. Les donn\u00e9es \u00e0 caract\u00e8re personnel collect\u00e9es ou d\u00e9tenues sont directement communiqu\u00e9es par la personne elle-m\u00eame ou proviennent de tiers, ou sont collect\u00e9es \u00e0 partir de l&rsquo;activit\u00e9 sur le site internet et de l&rsquo;utilisation des services.<\/p>\n\n\n\n<p>La mani\u00e8re dont les donn\u00e9es sont collect\u00e9es et les d\u00e9tails de l&rsquo;utilisation qui en est faite sont expos\u00e9s ci-apr\u00e8s :&nbsp;<\/p>\n\n\n\n<p>&#8211;\u00a0\u00a01. Prospection commerciale et marketing<\/p>\n\n\n\n<p>Sont collect\u00e9es et trait\u00e9es les informations suivantes : les coordonn\u00e9es, telles que nom, pr\u00e9nom, adresse du domicile, pays de r\u00e9sidence, num\u00e9ro de t\u00e9l\u00e9phone, adresse \u00e9lectronique.<\/p>\n\n\n\n<p>L&rsquo;utilisation de ces informations constituant des donn\u00e9es \u00e0 caract\u00e8re personnel a pour finalit\u00e9 :&nbsp;<\/p>\n\n\n\n<p>&#8211;&nbsp;&nbsp;D&rsquo;envoyer des communications au sujet des produits et services, \u00e0 des fins de prospection commerciale. Ces communications peuvent rev\u00eatir la forme d&rsquo;un courrier \u00e9lectronique ou postale, d&rsquo;un SMS, d&rsquo;un appel t\u00e9l\u00e9phonique ou d&rsquo;une publicit\u00e9 en ligne cibl\u00e9e. Ces donn\u00e9es sont conserv\u00e9es \u00e0 des fins de prospection pendant une dur\u00e9e maximale de 3 ans.<\/p>\n\n\n\n<p>&#8211;&nbsp;&nbsp;Lorsque des donn\u00e9es ont \u00e9t\u00e9 collect\u00e9es \u00e0 l&rsquo;occasion de la fourniture d&rsquo;une prestation ou d&rsquo;un service ou de demandes de renseignements, des informations sur des prestations ou services semblables ou cibl\u00e9s en fonction des demandes pr\u00e9c\u00e9dentes peuvent \u00eatre envoy\u00e9es, sauf si la personne concern\u00e9e demande de cesser l&rsquo;envoi de ces communications commerciales ou choisi de ne pas recevoir celles-ci. Ces donn\u00e9es sont conserv\u00e9es \u00e0 des fins de prospection jusqu&rsquo;\u00e0 3 ans apr\u00e8s la collecte des donn\u00e9es.<\/p>\n\n\n\n<p>&#8211;&nbsp;&nbsp;Chaque fois qu&rsquo;une communication \u00e9lectronique \u00e0 des fins de prospection commerciale est adress\u00e9e, le destinataire a la possibilit\u00e9 de choisir de ne plus en recevoir \u00e0 l&rsquo;avenir gr\u00e2ce \u00e0 un lien de d\u00e9sinscription. En outre, il est possible, \u00e0 tout moment, d&rsquo;adresser un courrier \u00e9lectronique \u00e0 l&rsquo;adresse \u00e9lectronique suivante : \u00ab\u00a0Adresse \u00e9lectronique de l&rsquo;exp\u00e9diteur\u00a0\u00bb, afin de demander de cesser l&rsquo;envoi de ces communications commerciales.<\/p>\n\n\n\n<p>&#8211;&nbsp;&nbsp;L&rsquo;utilisation des donn\u00e9es et informations telle que d\u00e9crite ci-dessus est autoris\u00e9e par la r\u00e9glementation applicable \u00e0 la protection des donn\u00e9es personnelles. Dans la plupart des cas, ce traitement des donn\u00e9es \u00e0 caract\u00e8re personnel \u00e0 des fins de prospection commerciale est fond\u00e9 sur l&rsquo;int\u00e9r\u00eat l\u00e9gitime du Cabinetde l&rsquo;Etudede la Soci\u00e9t\u00e9.<\/p>\n\n\n\n<p>Par ailleurs, lorsque la personne concern\u00e9e y a consenti directement aupr\u00e8s des partenaires du Cabinetde l&rsquo;Etudede la Soci\u00e9t\u00e9 (tels que des compagnies d&rsquo;assurance, des sites de comparateurs, des plateformes de r\u00e9seaux sociaux, des agences marketing et plateformes d&rsquo;affiliation, des moteurs de recherche, des sites d&rsquo;annonces immobili\u00e8res en ligne), le Cabinetl&rsquo;Etudela Soci\u00e9t\u00e9 peut recevoir ses donn\u00e9es personnelles. L&rsquo;utilisation de ces informations par le Cabinetl&rsquo;Etudela Soci\u00e9t\u00e9 est alors possible afin de promouvoir ses prestations et services dans les conditions d\u00e9crites ci-dessus.<\/p>\n\n\n\n<p>I. 2) Le questionnaire en ligne<\/p>\n\n\n\n<p>Le questionnaire en ligne s\u2019entend du formulaire de demande de contact.<\/p>\n\n\n\n<p>Les informations suivantes sont collect\u00e9es et trait\u00e9es : Coordonn\u00e9es de l\u2019internaute ou de la soci\u00e9t\u00e9 (Nom, pr\u00e9nom, num\u00e9ro de t\u00e9l\u00e9phone, email, adresse postale), adresse IP, num\u00e9ro de session, informations sur votre syst\u00e8me d\u2019exploitation et navigateur internet, et le cas \u00e9ch\u00e9ant les \u00e9l\u00e9ments fournis dans le questionnaire en ligne.<\/p>\n\n\n\n<p>L&rsquo;utilisation de ces informations est faite uniquement afin d&rsquo;\u00e9tablir un contact avec la personne ayant rempli le questionnaire en ligne et afin de lui proposer un rendez-vous avec une personne habilit\u00e9e de My alu store pour \u00e9tablir un devis personnalis\u00e9 sans engagement et en assurer le suivi \u00e0 l&rsquo;issue de la prise de contact. Ce contact sera \u00e9tabli par t\u00e9l\u00e9phone et\/ou courrier \u00e9lectronique.<\/p>\n\n\n\n<p>Les donn\u00e9es collect\u00e9es \u00e0 l&rsquo;occasion de l&rsquo;envoi du questionnaire en ligne compl\u00e9t\u00e9 sont conserv\u00e9es pendant une dur\u00e9e maximale de 3 ans.<\/p>\n\n\n\n<p>L&rsquo;utilisation de ces informations telle que d\u00e9crite ci-dessus est autoris\u00e9e par la r\u00e9glementation applicable \u00e0 la protection des donn\u00e9es personnelles. Le traitement de ces donn\u00e9es \u00e0 caract\u00e8re personnel repose dans ce cas sur le consentement de la personne concern\u00e9e.<\/p>\n\n\n\n<p>I. 3) A partir de l&rsquo;utilisation du site internet<\/p>\n\n\n\n<p>Le site de My alu store utilise la technologie des cookies pour am\u00e9liorer la navigation ainsi que l&rsquo;exp\u00e9rience des utilisateurs du site.&nbsp;<\/p>\n\n\n\n<p>Lors de la consultation du site, ces cookies peuvent \u00eatre enregistr\u00e9s sur les navigateurs du support utilis\u00e9, quel que soit le terminal (ordinateur, tablette, Smartphone). Ils servent notamment lors de l&rsquo;identification pour des analyses de la fr\u00e9quentation et de l&rsquo;utilisation des \u00e9l\u00e9ments du site.&nbsp;<\/p>\n\n\n\n<p>My alu store utilise l\u2019outil d\u2019analyse du trafic Web Google Analytics. Google Analytics fonctionne \u00e0 l\u2019aide d\u2019un code de suivi ajout\u00e9 aux pages de notre site Web. Google Analytics collecte les cat\u00e9gories suivantes de donn\u00e9es personnelles : Identifiants num\u00e9riques y compris les cookies, Adresses de protocole Internet et identificateurs de dispositif, Identifiants de clients.<\/p>\n\n\n\n<p>Le cookie poss\u00e8de une dur\u00e9e de validit\u00e9 qui varie en fonction du type de cookie et permet la reconnaissance du visiteur lors d&rsquo;une prochaine utilisation de myalustore.fr. En tout \u00e9tat de cause, cette dur\u00e9e n&rsquo;exc\u00e8de pas 13 mois.<\/p>\n\n\n\n<p>A tout moment, les visiteurs peuvent d\u00e9cider d&rsquo;accepter ou de refuser l&rsquo;utilisation des cookies ainsi que modifier leurs pr\u00e9f\u00e9rences.<\/p>\n\n\n\n<p>A cet effet, My alu store fait appara\u00eetre sur son site un bandeau d&rsquo;information pr\u00e9alable invitant le visiteur \u00e0 accepter les cookies. Tant que le visiteur n&rsquo;a pas donn\u00e9 son consentement au recueil des cookies, aucun cookie ne pourra \u00eatre d\u00e9pos\u00e9 sur son terminal, \u00e0 l&rsquo;exception des cookies exempt\u00e9s du recueil du consentement dans la mesure o\u00f9 ils sont strictement n\u00e9cessaires \u00e0 la fourniture d&rsquo;un service express\u00e9ment demand\u00e9 par l\u2019utilisateur.<\/p>\n\n\n\n<p>I. 4) Dans le cadre des prestations et services fournis<\/p>\n\n\n\n<p>Les informations suivantes sont collect\u00e9es et trait\u00e9es : le nom, le pr\u00e9nom, l&rsquo;adresse, le(s) num\u00e9ro(s) de t\u00e9l\u00e9phone(s), l&rsquo;adresse \u00e9lectronique.<\/p>\n\n\n\n<p>En outre, pour l&rsquo;ex\u00e9cution de mesures pr\u00e9-contractuelles ou du contrat avec My alu store, lorsque l&rsquo;entit\u00e9 met en oeuvre un traitement ayant pour finalit\u00e9 : la prospection, la production, la gestion, le suivi des demandes et des dossiers de ses clients, la r\u00e9daction d&rsquo;actes pour le compte de ses clients, la pr\u00e9vention du blanchiment et du financement du terrorisme et la lutte contre la corruption, la facturation et la comptabilit\u00e9.<\/p>\n\n\n\n<p>Tous les \u00e9l\u00e9ments n\u00e9cessaires \u00e0 ces finalit\u00e9s sont collect\u00e9s et trait\u00e9s. Ces informations sont utilis\u00e9es pour honorer les finalit\u00e9s li\u00e9es aux prestations et services sollicit\u00e9s.<\/p>\n\n\n\n<p>Ces traitements sont autoris\u00e9s par la r\u00e9glementation applicable \u00e0 la protection des donn\u00e9es personnelles, et dans tous les cas reposent sur le fondement juridique du contrat liant les personnes concern\u00e9es et My alu store ou celui de l&rsquo;int\u00e9r\u00eat l\u00e9gitime.&nbsp;<\/p>\n\n\n\n<p>Sauf disposition contraire, les informations vis\u00e9es ci-dessus sont n\u00e9cessaires afin de remplir nos obligations contractuelles.<\/p>\n\n\n\n<p>II. Les droits li\u00e9s aux donn\u00e9es personnelles<\/p>\n\n\n\n<p>Toute personne dont les donn\u00e9es personnelles ont \u00e9t\u00e9 collect\u00e9es et trait\u00e9es dans le cadre de la mise en oeuvre de la pr\u00e9sente politique de confidentialit\u00e9 disposent des droits ci-apr\u00e8s mentionn\u00e9s :&nbsp;<\/p>\n\n\n\n<p>&#8211;&nbsp;&nbsp;le droit d&rsquo;acc\u00e9der \u00e0 ses donn\u00e9es \u00e0 caract\u00e8re personnel ;&nbsp;<\/p>\n\n\n\n<p>&#8211;&nbsp;&nbsp;le droit de corriger toute erreur figurant dans les fichiers ;&nbsp;<\/p>\n\n\n\n<p>&#8211;&nbsp;&nbsp;le droit de faire effacer ses donn\u00e9es \u00e0 caract\u00e8re personnel, de limiter leur traitement ou de s&rsquo;y opposer ;&nbsp;<\/p>\n\n\n\n<p>&#8211;&nbsp;&nbsp;le droit de retirer son consentement ;&nbsp;<\/p>\n\n\n\n<p>&#8211;&nbsp;&nbsp;le droit de s&rsquo;opposer \u00e0 la r\u00e9ception de documents de prospection commerciale \u00e0 l&rsquo;avenir ;&nbsp;<\/p>\n\n\n\n<p>&#8211;&nbsp;&nbsp;dans certaines circonstances, le droit de veiller \u00e0 ce que ces informations soient transf\u00e9r\u00e9es \u00e0 un tiers.<\/p>\n\n\n\n<p>&#8211;&nbsp;&nbsp;le droit de d\u00e9finir des directives g\u00e9n\u00e9rales et particuli\u00e8res d\u00e9finissant la mani\u00e8re dont elle entent que soient exerc\u00e9s, apr\u00e8s son d\u00e9c\u00e8s, les droits mentionn\u00e9s ci-dessus par courrier \u00e9lectronique \u00e0 l&rsquo;adresse suivante contact@myalustore.fr, accompagn\u00e9es d&rsquo;une copie d&rsquo;une pi\u00e8ce d&rsquo;identit\u00e9 sign\u00e9e.<\/p>\n\n\n\n<p>Contact et r\u00e9clamations<\/p>\n\n\n\n<p>En dehors de my alu store, vos donn\u00e9es personnelles ne sont ni c\u00e9d\u00e9es, ni vendues \u00e0 des tiers.<\/p>\n\n\n\n<p>Toute personne dispose d&rsquo;une facult\u00e9 de d\u00e9poser une r\u00e9clamation aupr\u00e8s de la CNIL.<\/p>\n\n\n\n<p>Toutes les questions soulev\u00e9es dans la pr\u00e9sente Politique et les demandes d&rsquo;exercice des droits de la personne concern\u00e9e sont g\u00e9r\u00e9es par le D\u00e9l\u00e9gu\u00e9 \u00e0 la Protection des Donn\u00e9es qui peut \u00eatre contact\u00e9 de la fa\u00e7on suivante : par courrier \u00e9lectronique \u00e0 l&rsquo;adresse suivante contact@myalustore.fr.<\/p>\n\n\n\n<p>Toute demande d&rsquo;exercice des droits d&rsquo;acc\u00e8s, de rectification, de suppression ou de limitation du traitement doit \u00eatre accompagn\u00e9e de la copie d&rsquo;une pi\u00e8ce d&rsquo;identit\u00e9 du demandeur.<\/p>\n\n\n\n<p>III. Statut de la pr\u00e9sente politique de confidentialit\u00e9<\/p>\n\n\n\n<p>La pr\u00e9sente politique de confidentialit\u00e9 a \u00e9t\u00e9 mise \u00e0 jour le 2\/10\/2023. Nous nous r\u00e9servons le droit de la modifier \u00e0 tout moment afin de fournir une information \u00e0 jour sur la fa\u00e7on dont nous collectons et traitons les donn\u00e9es.<\/p>\n\t\t\t\t\t\t\t\t<\/div>\n\t\t\t\t<\/div>\n\t\t\t\t\t<\/div>\n\t\t<\/div>\n\t\t\t\t\t<\/div>\n\t\t<\/section>\n\t\t\t\t<section class=\"elementor-section elementor-top-section elementor-element elementor-element-f51844c elementor-section-boxed elementor-section-height-default elementor-section-height-default\" data-id=\"f51844c\" data-element_type=\"section\">\n\t\t\t\t\t\t<div class=\"elementor-container elementor-column-gap-default\">\n\t\t\t\t\t<div class=\"elementor-column elementor-col-100 elementor-top-column elementor-element elementor-element-a1a87c3\" data-id=\"a1a87c3\" data-element_type=\"column\">\n\t\t\t<div class=\"elementor-widget-wrap elementor-element-populated\">\n\t\t\t\t\t\t<div class=\"elementor-element elementor-element-1a4813b elementor-widget elementor-widget-spacer\" data-id=\"1a4813b\" data-element_type=\"widget\" data-widget_type=\"spacer.default\">\n\t\t\t\t<div class=\"elementor-widget-container\">\n\t\t\t\t\t\t\t<div class=\"elementor-spacer\">\n\t\t\t<div class=\"elementor-spacer-inner\"><\/div>\n\t\t<\/div>\n\t\t\t\t\t\t<\/div>\n\t\t\t\t<\/div>\n\t\t\t\t\t<\/div>\n\t\t<\/div>\n\t\t\t\t\t<\/div>\n\t\t<\/section>\n\t\t\t\t<\/div>\n\t\t","protected":false},"excerpt":{"rendered":"<p>Politique de confidentialit\u00e9 @djewai, r\u00e9dacteur des pr\u00e9sentes, met en oeuvre des traitements de donn\u00e9es \u00e0 caract\u00e8re personnel. I. La collecte des donn\u00e9es \u00e0 caract\u00e8re personnel Les donn\u00e9es \u00e0 caract\u00e8re personnel qui sont collect\u00e9es varient en fonction de la fa\u00e7on dont les services sont utilis\u00e9s. Les donn\u00e9es \u00e0 caract\u00e8re personnel collect\u00e9es [&hellip;]<\/p>\n","protected":false},"author":1,"featured_media":0,"parent":0,"menu_order":0,"comment_status":"closed","ping_status":"open","template":"","meta":{"footnotes":""},"class_list":["post-3","page","type-page","status-publish","hentry"],"yoast_head":"<!-- This site is optimized with the Yoast SEO plugin v26.1 - https:\/\/yoast.com\/wordpress\/plugins\/seo\/ -->\n<title>Politique de confidentialit\u00e9 - myalustore.fr<\/title>\n<meta name=\"robots\" content=\"index, follow, max-snippet:-1, max-image-preview:large, max-video-preview:-1\" \/>\n<link rel=\"canonical\" href=\"https:\/\/myalustore.fr\/index.php\/politique-de-confidentialite\/\" \/>\n<meta property=\"og:locale\" content=\"fr_FR\" \/>\n<meta property=\"og:type\" content=\"article\" \/>\n<meta property=\"og:title\" content=\"Politique de confidentialit\u00e9 - myalustore.fr\" \/>\n<meta property=\"og:description\" content=\"Politique de confidentialit\u00e9 @djewai, r\u00e9dacteur des pr\u00e9sentes, met en oeuvre des traitements de donn\u00e9es \u00e0 caract\u00e8re personnel. I. La collecte des donn\u00e9es \u00e0 caract\u00e8re personnel Les donn\u00e9es \u00e0 caract\u00e8re personnel qui sont collect\u00e9es varient en fonction de la fa\u00e7on dont les services sont utilis\u00e9s. Les donn\u00e9es \u00e0 caract\u00e8re personnel collect\u00e9es [&hellip;]\" \/>\n<meta property=\"og:url\" content=\"https:\/\/myalustore.fr\/index.php\/politique-de-confidentialite\/\" \/>\n<meta property=\"og:site_name\" content=\"myalustore.fr\" \/>\n<meta property=\"article:modified_time\" content=\"2023-10-03T15:47:57+00:00\" \/>\n<meta name=\"twitter:card\" content=\"summary_large_image\" \/>\n<meta name=\"twitter:label1\" content=\"Dur\u00e9e de lecture estim\u00e9e\" \/>\n\t<meta name=\"twitter:data1\" content=\"8 minutes\" \/>\n<script type=\"application\/ld+json\" class=\"yoast-schema-graph\">{\"@context\":\"https:\/\/schema.org\",\"@graph\":[{\"@type\":\"WebPage\",\"@id\":\"https:\/\/myalustore.fr\/index.php\/politique-de-confidentialite\/\",\"url\":\"https:\/\/myalustore.fr\/index.php\/politique-de-confidentialite\/\",\"name\":\"Politique de confidentialit\u00e9 - myalustore.fr\",\"isPartOf\":{\"@id\":\"https:\/\/myalustore.fr\/#website\"},\"datePublished\":\"2023-09-04T16:29:09+00:00\",\"dateModified\":\"2023-10-03T15:47:57+00:00\",\"breadcrumb\":{\"@id\":\"https:\/\/myalustore.fr\/index.php\/politique-de-confidentialite\/#breadcrumb\"},\"inLanguage\":\"fr-FR\",\"potentialAction\":[{\"@type\":\"ReadAction\",\"target\":[\"https:\/\/myalustore.fr\/index.php\/politique-de-confidentialite\/\"]}]},{\"@type\":\"BreadcrumbList\",\"@id\":\"https:\/\/myalustore.fr\/index.php\/politique-de-confidentialite\/#breadcrumb\",\"itemListElement\":[{\"@type\":\"ListItem\",\"position\":1,\"name\":\"Accueil\",\"item\":\"https:\/\/myalustore.fr\/\"},{\"@type\":\"ListItem\",\"position\":2,\"name\":\"Politique de confidentialit\u00e9\"}]},{\"@type\":\"WebSite\",\"@id\":\"https:\/\/myalustore.fr\/#website\",\"url\":\"https:\/\/myalustore.fr\/\",\"name\":\"myalustore.fr\",\"description\":\"\",\"publisher\":{\"@id\":\"https:\/\/myalustore.fr\/#organization\"},\"potentialAction\":[{\"@type\":\"SearchAction\",\"target\":{\"@type\":\"EntryPoint\",\"urlTemplate\":\"https:\/\/myalustore.fr\/?s={search_term_string}\"},\"query-input\":{\"@type\":\"PropertyValueSpecification\",\"valueRequired\":true,\"valueName\":\"search_term_string\"}}],\"inLanguage\":\"fr-FR\"},{\"@type\":\"Organization\",\"@id\":\"https:\/\/myalustore.fr\/#organization\",\"name\":\"My alu store\",\"url\":\"https:\/\/myalustore.fr\/\",\"logo\":{\"@type\":\"ImageObject\",\"inLanguage\":\"fr-FR\",\"@id\":\"https:\/\/myalustore.fr\/#\/schema\/logo\/image\/\",\"url\":\"https:\/\/myalustore.fr\/wp-content\/uploads\/2023\/09\/cropped-Plan-de-travail-8-copie-4-8.png\",\"contentUrl\":\"https:\/\/myalustore.fr\/wp-content\/uploads\/2023\/09\/cropped-Plan-de-travail-8-copie-4-8.png\",\"width\":1751,\"height\":357,\"caption\":\"My alu store\"},\"image\":{\"@id\":\"https:\/\/myalustore.fr\/#\/schema\/logo\/image\/\"}}]}<\/script>\n<!-- \/ Yoast SEO plugin. -->","yoast_head_json":{"title":"Politique de confidentialit\u00e9 - myalustore.fr","robots":{"index":"index","follow":"follow","max-snippet":"max-snippet:-1","max-image-preview":"max-image-preview:large","max-video-preview":"max-video-preview:-1"},"canonical":"https:\/\/myalustore.fr\/index.php\/politique-de-confidentialite\/","og_locale":"fr_FR","og_type":"article","og_title":"Politique de confidentialit\u00e9 - myalustore.fr","og_description":"Politique de confidentialit\u00e9 @djewai, r\u00e9dacteur des pr\u00e9sentes, met en oeuvre des traitements de donn\u00e9es \u00e0 caract\u00e8re personnel. I. La collecte des donn\u00e9es \u00e0 caract\u00e8re personnel Les donn\u00e9es \u00e0 caract\u00e8re personnel qui sont collect\u00e9es varient en fonction de la fa\u00e7on dont les services sont utilis\u00e9s. Les donn\u00e9es \u00e0 caract\u00e8re personnel collect\u00e9es [&hellip;]","og_url":"https:\/\/myalustore.fr\/index.php\/politique-de-confidentialite\/","og_site_name":"myalustore.fr","article_modified_time":"2023-10-03T15:47:57+00:00","twitter_card":"summary_large_image","twitter_misc":{"Dur\u00e9e de lecture estim\u00e9e":"8 minutes"},"schema":{"@context":"https:\/\/schema.org","@graph":[{"@type":"WebPage","@id":"https:\/\/myalustore.fr\/index.php\/politique-de-confidentialite\/","url":"https:\/\/myalustore.fr\/index.php\/politique-de-confidentialite\/","name":"Politique de confidentialit\u00e9 - myalustore.fr","isPartOf":{"@id":"https:\/\/myalustore.fr\/#website"},"datePublished":"2023-09-04T16:29:09+00:00","dateModified":"2023-10-03T15:47:57+00:00","breadcrumb":{"@id":"https:\/\/myalustore.fr\/index.php\/politique-de-confidentialite\/#breadcrumb"},"inLanguage":"fr-FR","potentialAction":[{"@type":"ReadAction","target":["https:\/\/myalustore.fr\/index.php\/politique-de-confidentialite\/"]}]},{"@type":"BreadcrumbList","@id":"https:\/\/myalustore.fr\/index.php\/politique-de-confidentialite\/#breadcrumb","itemListElement":[{"@type":"ListItem","position":1,"name":"Accueil","item":"https:\/\/myalustore.fr\/"},{"@type":"ListItem","position":2,"name":"Politique de confidentialit\u00e9"}]},{"@type":"WebSite","@id":"https:\/\/myalustore.fr\/#website","url":"https:\/\/myalustore.fr\/","name":"myalustore.fr","description":"","publisher":{"@id":"https:\/\/myalustore.fr\/#organization"},"potentialAction":[{"@type":"SearchAction","target":{"@type":"EntryPoint","urlTemplate":"https:\/\/myalustore.fr\/?s={search_term_string}"},"query-input":{"@type":"PropertyValueSpecification","valueRequired":true,"valueName":"search_term_string"}}],"inLanguage":"fr-FR"},{"@type":"Organization","@id":"https:\/\/myalustore.fr\/#organization","name":"My alu store","url":"https:\/\/myalustore.fr\/","logo":{"@type":"ImageObject","inLanguage":"fr-FR","@id":"https:\/\/myalustore.fr\/#\/schema\/logo\/image\/","url":"https:\/\/myalustore.fr\/wp-content\/uploads\/2023\/09\/cropped-Plan-de-travail-8-copie-4-8.png","contentUrl":"https:\/\/myalustore.fr\/wp-content\/uploads\/2023\/09\/cropped-Plan-de-travail-8-copie-4-8.png","width":1751,"height":357,"caption":"My alu store"},"image":{"@id":"https:\/\/myalustore.fr\/#\/schema\/logo\/image\/"}}]}},"_links":{"self":[{"href":"https:\/\/myalustore.fr\/index.php\/wp-json\/wp\/v2\/pages\/3","targetHints":{"allow":["GET"]}}],"collection":[{"href":"https:\/\/myalustore.fr\/index.php\/wp-json\/wp\/v2\/pages"}],"about":[{"href":"https:\/\/myalustore.fr\/index.php\/wp-json\/wp\/v2\/types\/page"}],"author":[{"embeddable":true,"href":"https:\/\/myalustore.fr\/index.php\/wp-json\/wp\/v2\/users\/1"}],"replies":[{"embeddable":true,"href":"https:\/\/myalustore.fr\/index.php\/wp-json\/wp\/v2\/comments?post=3"}],"version-history":[{"count":5,"href":"https:\/\/myalustore.fr\/index.php\/wp-json\/wp\/v2\/pages\/3\/revisions"}],"predecessor-version":[{"id":270,"href":"https:\/\/myalustore.fr\/index.php\/wp-json\/wp\/v2\/pages\/3\/revisions\/270"}],"wp:attachment":[{"href":"https:\/\/myalustore.fr\/index.php\/wp-json\/wp\/v2\/media?parent=3"}],"curies":[{"name":"wp","href":"https:\/\/api.w.org\/{rel}","templated":true}]}}