{"id":261,"date":"2023-10-03T08:55:52","date_gmt":"2023-10-03T06:55:52","guid":{"rendered":"https:\/\/myalustore.fr\/?page_id=261"},"modified":"2023-10-03T17:48:37","modified_gmt":"2023-10-03T15:48:37","slug":"conditions-generales-dacces-et-dutilisation","status":"publish","type":"page","link":"https:\/\/myalustore.fr\/index.php\/conditions-generales-dacces-et-dutilisation\/","title":{"rendered":"Conditions g\u00e9n\u00e9rales d&rsquo;acc\u00e8s et d&rsquo;utilisation"},"content":{"rendered":"\t\t<div data-elementor-type=\"wp-page\" data-elementor-id=\"261\" class=\"elementor elementor-261\">\n\t\t\t\t\t\t<section class=\"elementor-section elementor-top-section elementor-element elementor-element-e7ca4e9 elementor-section-boxed elementor-section-height-default elementor-section-height-default\" data-id=\"e7ca4e9\" data-element_type=\"section\">\n\t\t\t\t\t\t<div class=\"elementor-container elementor-column-gap-default\">\n\t\t\t\t\t<div class=\"elementor-column elementor-col-100 elementor-top-column elementor-element elementor-element-623f2fab\" data-id=\"623f2fab\" data-element_type=\"column\">\n\t\t\t<div class=\"elementor-widget-wrap elementor-element-populated\">\n\t\t\t\t\t\t<div class=\"elementor-element elementor-element-64499e9f elementor-widget elementor-widget-text-editor\" data-id=\"64499e9f\" data-element_type=\"widget\" data-widget_type=\"text-editor.default\">\n\t\t\t\t<div class=\"elementor-widget-container\">\n\t\t\t\t\t\t\t\t\t\n<h2 class=\"wp-block-heading\">Conditions g\u00e9n\u00e9rales d&rsquo;acc\u00e8s et d&rsquo;utilisation<\/h2>\n\n\n\n<p>Vous \u00eates actuellement librement connect\u00e9 au site internet myalustore.fr, ci-apr\u00e8s d\u00e9nomm\u00e9 le myalustore.fr.<\/p>\n\n\n\n<p>myalustore.fr vous est propos\u00e9 par :<\/p>\n\n\n\n<p>My alu store&nbsp;<\/p>\n\n\n\n<p>Adresse :&nbsp;1635 Avenue des Pr\u00e9s seigneurs 01120 Dagneux<\/p>\n\n\n\n<p>T\u00e9l.&nbsp;: 06.35.28.53.01 ou 07.60.82.47.54<\/p>\n\n\n\n<p>ci-apr\u00e8s d\u00e9nomm\u00e9e My alu store<\/p>\n\n\n\n<p>Forme juridique : SAS&nbsp;<\/p>\n\n\n\n<p>SIRET&nbsp;: 953 021 821 00012<\/p>\n\n\n\n<p>My alu store est l\u00e9galement repr\u00e9sent\u00e9e par Monsieur Ozer Ismail ainsi que Monsieur Alpdogan Ibrahim.<\/p>\n\n\n\n<p>myalustore.fr a pour objet de pr\u00e9senter les activit\u00e9s de My alu store. Il fait l\u2019objet de mises \u00e0 jour p\u00e9riodiques, ceci \u00e9tant, malgr\u00e9 le soin apport\u00e9 dans le suivi de l\u2019\u00e9volution de My alu store et de ses activit\u00e9s, les pr\u00e9sentations faites n\u2019ont pas de caract\u00e8re contractuel. My alu store ne sera engag\u00e9e que par ce qui aura \u00e9t\u00e9 convenu par la signature d\u2019un contrat.&nbsp;<\/p>\n\n\n\n<p>L\u2019utilisation de myalustore.fr est soumise aux pr\u00e9sentes conditions g\u00e9n\u00e9rales d\u2019acc\u00e8s et d\u2019utilisation et rel\u00e8ve du respect des lois applicables en France.&nbsp;<\/p>\n\n\n\n<p>Les conditions g\u00e9n\u00e9rales peuvent \u00eatre modifi\u00e9es \u00e0 tout moment, et nous vous invitons \u00e0 vous y reporter \u00e0 chaque connexion sur myalustore.fr. Ces conditions g\u00e9n\u00e9rales sont r\u00e9gies, interpr\u00e9t\u00e9es et appliqu\u00e9es conform\u00e9ment au droit fran\u00e7ais. En cas de litige, les tribunaux fran\u00e7ais seront seuls comp\u00e9tents.<\/p>\n\n\n\n<p>H\u00e9bergeur<\/p>\n\n\n\n<p>Hostinger<\/p>\n\n\n\n<p>Adresse :&nbsp;143 Rue Emile Julien, 34070 Montpellier, France<\/p>\n\n\n\n<p>T\u00e9l.&nbsp;: 08 92 97 70 93<\/p>\n\n\n\n<p>Propri\u00e9t\u00e9 intellectuelle<\/p>\n\n\n\n<p>La structure g\u00e9n\u00e9rale, les textes, images, sons, graphismes, documents t\u00e9l\u00e9chargeables, bases de donn\u00e9es et tout autre \u00e9l\u00e9ment composant myalustore.fr, hormis les cr\u00e9dits sp\u00e9cifi\u00e9s \u00e0 l\u2019article suivant \u00ab Autres cr\u00e9dits \u00bb, sont la propri\u00e9t\u00e9 exclusive de My alu store : r\u00e9alisateur, gestionnaire et h\u00e9bergeur de myalustore.fr.\u00a0<\/p>\n\n\n\n<p>L\u2019ensemble de myalustore.fr rel\u00e8ve de la l\u00e9gislation fran\u00e7aise et internationale sur les droits d\u2019auteur et de la propri\u00e9t\u00e9 intellectuelle. Les noms, marques et enseignes cit\u00e9s sur myalustore.fr sont la propri\u00e9t\u00e9 de leurs d\u00e9posants respectifs.&nbsp;<\/p>\n\n\n\n<p>Toute utilisation ou reproduction, totale ou partielle, de myalustore.fr, des \u00e9l\u00e9ments qui le composent et\/ou des informations qui y figurent, par quelque proc\u00e9d\u00e9 que ce soit, sans l\u2019autorisation du titulaire du droit sur ces \u00e9l\u00e9ments, sera imm\u00e9diatement poursuivi, soit dans le cadre d\u2019une action en contrefa\u00e7on, soit dans le cadre d\u2019une action en concurrence d\u00e9loyale.<\/p>\n\n\n\n<p>Autres cr\u00e9dits<\/p>\n\n\n\n<p>Cr\u00e9dits photos ou images : V\u00e9randa city, X3, DSE menuiseries<\/p>\n\n\n\n<p>Cr\u00e9dits d\u00e9veloppement web et utilitaires : WordPress, [Theme Hestia, WP Forms, Yoast SEO,Elementor ,Complianz ].<\/p>\n\n\n\n<p>Liens hypertextes<\/p>\n\n\n\n<p>My alu store autorise tout site Internet \u00e0 \u00e9tablir un lien pointant vers l\u2019adresse de la page d\u2019accueil uniquement : myalustore.fr, sous r\u00e9serve des dispositions l\u00e9gales en vigueur.&nbsp;<\/p>\n\n\n\n<p>Tout lien vers myalustore.fr doit faire l\u2019objet d\u2019une information pr\u00e9alable au Webmaster de myalustore.fr, My alu store se r\u00e9servant le droit, \u00e0 tout moment, sans pr\u00e9avis et sans avoir \u00e0 motiver sa d\u00e9cision, d\u2019interdire ce lien.<\/p>\n\n\n\n<p>Dysfonctionnements<\/p>\n\n\n\n<p>myalustore.fr est con\u00e7u pour pr\u00e9senter les meilleurs r\u00e9sultats quel que soit le navigateur utilis\u00e9. My alu store ne pourra \u00eatre tenue pour responsable de tout mauvais fonctionnement et affichage ou dommages caus\u00e9s au syst\u00e8me informatique du visiteur, directs ou indirects, r\u00e9sultant de l\u2019utilisation de myalustore.fr.<\/p>\n\n\n\n<p>Sites li\u00e9s<\/p>\n\n\n\n<p>My alu store peut vous proposer des liens vers d\u2019autres sites Internet. Vous y acc\u00e9dez librement et vous quitterez alors le champ d\u2019application des pr\u00e9sentes conditions g\u00e9n\u00e9rales. La responsabilit\u00e9 de My alu store ne pourra pas \u00eatre engag\u00e9e au regard du contenu et du fonctionnement de ces sites tiers.<\/p>\n\n\n\n<p>Piratage et virus<\/p>\n\n\n\n<p>La responsabilit\u00e9 de My alu store ne pourra jamais \u00eatre recherch\u00e9e en cas de dysfonctionnements ou dommages caus\u00e9s au syst\u00e8me informatique du visiteur cons\u00e9cutifs au piratage de son site ou virus transport\u00e9s \u00e0 son insu ou \u00e0 l\u2019insu de ses partenaires techniques.<\/p>\n\n\n\n<p>Responsable de la publication<\/p>\n\n\n\n<p>Le responsable de la publication est @djewai -&gt; Monsieur Jean-Yves JEANY.<\/p>\n\n\n\n<p>Politique de confidentialit\u00e9<\/p>\n\n\n\n<p>Pour tout ce qui a trait au respect de vos donn\u00e9es personnelles, merci de consulter notre Politique de confidentialit\u00e9.<\/p>\n\t\t\t\t\t\t\t\t<\/div>\n\t\t\t\t<\/div>\n\t\t\t\t\t<\/div>\n\t\t<\/div>\n\t\t\t\t\t<\/div>\n\t\t<\/section>\n\t\t\t\t<section class=\"elementor-section elementor-top-section elementor-element elementor-element-f2fd508 elementor-section-boxed elementor-section-height-default elementor-section-height-default\" data-id=\"f2fd508\" data-element_type=\"section\">\n\t\t\t\t\t\t<div class=\"elementor-container elementor-column-gap-default\">\n\t\t\t\t\t<div class=\"elementor-column elementor-col-100 elementor-top-column elementor-element elementor-element-0a5af59\" data-id=\"0a5af59\" data-element_type=\"column\">\n\t\t\t<div class=\"elementor-widget-wrap elementor-element-populated\">\n\t\t\t\t\t\t<div class=\"elementor-element elementor-element-f62ceae elementor-widget elementor-widget-spacer\" data-id=\"f62ceae\" data-element_type=\"widget\" data-widget_type=\"spacer.default\">\n\t\t\t\t<div class=\"elementor-widget-container\">\n\t\t\t\t\t\t\t<div class=\"elementor-spacer\">\n\t\t\t<div class=\"elementor-spacer-inner\"><\/div>\n\t\t<\/div>\n\t\t\t\t\t\t<\/div>\n\t\t\t\t<\/div>\n\t\t\t\t\t<\/div>\n\t\t<\/div>\n\t\t\t\t\t<\/div>\n\t\t<\/section>\n\t\t\t\t<\/div>\n\t\t","protected":false},"excerpt":{"rendered":"<p>Conditions g\u00e9n\u00e9rales d&rsquo;acc\u00e8s et d&rsquo;utilisation Vous \u00eates actuellement librement connect\u00e9 au site internet myalustore.fr, ci-apr\u00e8s d\u00e9nomm\u00e9 le myalustore.fr. myalustore.fr vous est propos\u00e9 par : My alu store&nbsp; Adresse :&nbsp;1635 Avenue des Pr\u00e9s seigneurs 01120 Dagneux T\u00e9l.&nbsp;: 06.35.28.53.01 ou 07.60.82.47.54 ci-apr\u00e8s d\u00e9nomm\u00e9e My alu store Forme juridique : SAS&nbsp; SIRET&nbsp;: 953 [&hellip;]<\/p>\n","protected":false},"author":1,"featured_media":0,"parent":0,"menu_order":0,"comment_status":"closed","ping_status":"open","template":"","meta":{"footnotes":""},"class_list":["post-261","page","type-page","status-publish","hentry"],"yoast_head":"<!-- This site is optimized with the Yoast SEO plugin v26.1 - https:\/\/yoast.com\/wordpress\/plugins\/seo\/ -->\n<title>Conditions g\u00e9n\u00e9rales d&#039;acc\u00e8s et d&#039;utilisation - myalustore.fr<\/title>\n<meta name=\"robots\" content=\"index, follow, max-snippet:-1, max-image-preview:large, max-video-preview:-1\" \/>\n<link rel=\"canonical\" href=\"https:\/\/myalustore.fr\/index.php\/conditions-generales-dacces-et-dutilisation\/\" \/>\n<meta property=\"og:locale\" content=\"fr_FR\" \/>\n<meta property=\"og:type\" content=\"article\" \/>\n<meta property=\"og:title\" content=\"Conditions g\u00e9n\u00e9rales d&#039;acc\u00e8s et d&#039;utilisation - myalustore.fr\" \/>\n<meta property=\"og:description\" content=\"Conditions g\u00e9n\u00e9rales d&rsquo;acc\u00e8s et d&rsquo;utilisation Vous \u00eates actuellement librement connect\u00e9 au site internet myalustore.fr, ci-apr\u00e8s d\u00e9nomm\u00e9 le myalustore.fr. myalustore.fr vous est propos\u00e9 par : My alu store&nbsp; Adresse :&nbsp;1635 Avenue des Pr\u00e9s seigneurs 01120 Dagneux T\u00e9l.&nbsp;: 06.35.28.53.01 ou 07.60.82.47.54 ci-apr\u00e8s d\u00e9nomm\u00e9e My alu store Forme juridique : SAS&nbsp; SIRET&nbsp;: 953 [&hellip;]\" \/>\n<meta property=\"og:url\" content=\"https:\/\/myalustore.fr\/index.php\/conditions-generales-dacces-et-dutilisation\/\" \/>\n<meta property=\"og:site_name\" content=\"myalustore.fr\" \/>\n<meta property=\"article:modified_time\" content=\"2023-10-03T15:48:37+00:00\" \/>\n<meta name=\"twitter:card\" content=\"summary_large_image\" \/>\n<meta name=\"twitter:label1\" content=\"Dur\u00e9e de lecture estim\u00e9e\" \/>\n\t<meta name=\"twitter:data1\" content=\"4 minutes\" \/>\n<script type=\"application\/ld+json\" class=\"yoast-schema-graph\">{\"@context\":\"https:\/\/schema.org\",\"@graph\":[{\"@type\":\"WebPage\",\"@id\":\"https:\/\/myalustore.fr\/index.php\/conditions-generales-dacces-et-dutilisation\/\",\"url\":\"https:\/\/myalustore.fr\/index.php\/conditions-generales-dacces-et-dutilisation\/\",\"name\":\"Conditions g\u00e9n\u00e9rales d'acc\u00e8s et d'utilisation - myalustore.fr\",\"isPartOf\":{\"@id\":\"https:\/\/myalustore.fr\/#website\"},\"datePublished\":\"2023-10-03T06:55:52+00:00\",\"dateModified\":\"2023-10-03T15:48:37+00:00\",\"breadcrumb\":{\"@id\":\"https:\/\/myalustore.fr\/index.php\/conditions-generales-dacces-et-dutilisation\/#breadcrumb\"},\"inLanguage\":\"fr-FR\",\"potentialAction\":[{\"@type\":\"ReadAction\",\"target\":[\"https:\/\/myalustore.fr\/index.php\/conditions-generales-dacces-et-dutilisation\/\"]}]},{\"@type\":\"BreadcrumbList\",\"@id\":\"https:\/\/myalustore.fr\/index.php\/conditions-generales-dacces-et-dutilisation\/#breadcrumb\",\"itemListElement\":[{\"@type\":\"ListItem\",\"position\":1,\"name\":\"Accueil\",\"item\":\"https:\/\/myalustore.fr\/\"},{\"@type\":\"ListItem\",\"position\":2,\"name\":\"Conditions g\u00e9n\u00e9rales d&rsquo;acc\u00e8s et d&rsquo;utilisation\"}]},{\"@type\":\"WebSite\",\"@id\":\"https:\/\/myalustore.fr\/#website\",\"url\":\"https:\/\/myalustore.fr\/\",\"name\":\"myalustore.fr\",\"description\":\"\",\"publisher\":{\"@id\":\"https:\/\/myalustore.fr\/#organization\"},\"potentialAction\":[{\"@type\":\"SearchAction\",\"target\":{\"@type\":\"EntryPoint\",\"urlTemplate\":\"https:\/\/myalustore.fr\/?s={search_term_string}\"},\"query-input\":{\"@type\":\"PropertyValueSpecification\",\"valueRequired\":true,\"valueName\":\"search_term_string\"}}],\"inLanguage\":\"fr-FR\"},{\"@type\":\"Organization\",\"@id\":\"https:\/\/myalustore.fr\/#organization\",\"name\":\"My alu store\",\"url\":\"https:\/\/myalustore.fr\/\",\"logo\":{\"@type\":\"ImageObject\",\"inLanguage\":\"fr-FR\",\"@id\":\"https:\/\/myalustore.fr\/#\/schema\/logo\/image\/\",\"url\":\"https:\/\/myalustore.fr\/wp-content\/uploads\/2023\/09\/cropped-Plan-de-travail-8-copie-4-8.png\",\"contentUrl\":\"https:\/\/myalustore.fr\/wp-content\/uploads\/2023\/09\/cropped-Plan-de-travail-8-copie-4-8.png\",\"width\":1751,\"height\":357,\"caption\":\"My alu store\"},\"image\":{\"@id\":\"https:\/\/myalustore.fr\/#\/schema\/logo\/image\/\"}}]}<\/script>\n<!-- \/ Yoast SEO plugin. -->","yoast_head_json":{"title":"Conditions g\u00e9n\u00e9rales d'acc\u00e8s et d'utilisation - myalustore.fr","robots":{"index":"index","follow":"follow","max-snippet":"max-snippet:-1","max-image-preview":"max-image-preview:large","max-video-preview":"max-video-preview:-1"},"canonical":"https:\/\/myalustore.fr\/index.php\/conditions-generales-dacces-et-dutilisation\/","og_locale":"fr_FR","og_type":"article","og_title":"Conditions g\u00e9n\u00e9rales d'acc\u00e8s et d'utilisation - myalustore.fr","og_description":"Conditions g\u00e9n\u00e9rales d&rsquo;acc\u00e8s et d&rsquo;utilisation Vous \u00eates actuellement librement connect\u00e9 au site internet myalustore.fr, ci-apr\u00e8s d\u00e9nomm\u00e9 le myalustore.fr. myalustore.fr vous est propos\u00e9 par : My alu store&nbsp; Adresse :&nbsp;1635 Avenue des Pr\u00e9s seigneurs 01120 Dagneux T\u00e9l.&nbsp;: 06.35.28.53.01 ou 07.60.82.47.54 ci-apr\u00e8s d\u00e9nomm\u00e9e My alu store Forme juridique : SAS&nbsp; SIRET&nbsp;: 953 [&hellip;]","og_url":"https:\/\/myalustore.fr\/index.php\/conditions-generales-dacces-et-dutilisation\/","og_site_name":"myalustore.fr","article_modified_time":"2023-10-03T15:48:37+00:00","twitter_card":"summary_large_image","twitter_misc":{"Dur\u00e9e de lecture estim\u00e9e":"4 minutes"},"schema":{"@context":"https:\/\/schema.org","@graph":[{"@type":"WebPage","@id":"https:\/\/myalustore.fr\/index.php\/conditions-generales-dacces-et-dutilisation\/","url":"https:\/\/myalustore.fr\/index.php\/conditions-generales-dacces-et-dutilisation\/","name":"Conditions g\u00e9n\u00e9rales d'acc\u00e8s et d'utilisation - myalustore.fr","isPartOf":{"@id":"https:\/\/myalustore.fr\/#website"},"datePublished":"2023-10-03T06:55:52+00:00","dateModified":"2023-10-03T15:48:37+00:00","breadcrumb":{"@id":"https:\/\/myalustore.fr\/index.php\/conditions-generales-dacces-et-dutilisation\/#breadcrumb"},"inLanguage":"fr-FR","potentialAction":[{"@type":"ReadAction","target":["https:\/\/myalustore.fr\/index.php\/conditions-generales-dacces-et-dutilisation\/"]}]},{"@type":"BreadcrumbList","@id":"https:\/\/myalustore.fr\/index.php\/conditions-generales-dacces-et-dutilisation\/#breadcrumb","itemListElement":[{"@type":"ListItem","position":1,"name":"Accueil","item":"https:\/\/myalustore.fr\/"},{"@type":"ListItem","position":2,"name":"Conditions g\u00e9n\u00e9rales d&rsquo;acc\u00e8s et d&rsquo;utilisation"}]},{"@type":"WebSite","@id":"https:\/\/myalustore.fr\/#website","url":"https:\/\/myalustore.fr\/","name":"myalustore.fr","description":"","publisher":{"@id":"https:\/\/myalustore.fr\/#organization"},"potentialAction":[{"@type":"SearchAction","target":{"@type":"EntryPoint","urlTemplate":"https:\/\/myalustore.fr\/?s={search_term_string}"},"query-input":{"@type":"PropertyValueSpecification","valueRequired":true,"valueName":"search_term_string"}}],"inLanguage":"fr-FR"},{"@type":"Organization","@id":"https:\/\/myalustore.fr\/#organization","name":"My alu store","url":"https:\/\/myalustore.fr\/","logo":{"@type":"ImageObject","inLanguage":"fr-FR","@id":"https:\/\/myalustore.fr\/#\/schema\/logo\/image\/","url":"https:\/\/myalustore.fr\/wp-content\/uploads\/2023\/09\/cropped-Plan-de-travail-8-copie-4-8.png","contentUrl":"https:\/\/myalustore.fr\/wp-content\/uploads\/2023\/09\/cropped-Plan-de-travail-8-copie-4-8.png","width":1751,"height":357,"caption":"My alu store"},"image":{"@id":"https:\/\/myalustore.fr\/#\/schema\/logo\/image\/"}}]}},"_links":{"self":[{"href":"https:\/\/myalustore.fr\/index.php\/wp-json\/wp\/v2\/pages\/261","targetHints":{"allow":["GET"]}}],"collection":[{"href":"https:\/\/myalustore.fr\/index.php\/wp-json\/wp\/v2\/pages"}],"about":[{"href":"https:\/\/myalustore.fr\/index.php\/wp-json\/wp\/v2\/types\/page"}],"author":[{"embeddable":true,"href":"https:\/\/myalustore.fr\/index.php\/wp-json\/wp\/v2\/users\/1"}],"replies":[{"embeddable":true,"href":"https:\/\/myalustore.fr\/index.php\/wp-json\/wp\/v2\/comments?post=261"}],"version-history":[{"count":5,"href":"https:\/\/myalustore.fr\/index.php\/wp-json\/wp\/v2\/pages\/261\/revisions"}],"predecessor-version":[{"id":273,"href":"https:\/\/myalustore.fr\/index.php\/wp-json\/wp\/v2\/pages\/261\/revisions\/273"}],"wp:attachment":[{"href":"https:\/\/myalustore.fr\/index.php\/wp-json\/wp\/v2\/media?parent=261"}],"curies":[{"name":"wp","href":"https:\/\/api.w.org\/{rel}","templated":true}]}}